{"id":1277,"date":"2024-12-17T14:34:30","date_gmt":"2024-12-17T14:34:30","guid":{"rendered":"https:\/\/estore.hubek.com.tr\/cart\/"},"modified":"2025-04-08T12:41:17","modified_gmt":"2025-04-08T12:41:17","slug":"cart","status":"publish","type":"page","link":"https:\/\/estore.hubek.com.tr\/en\/cart\/","title":{"rendered":"Cart"},"content":{"rendered":"\t\t<div data-elementor-type=\"wp-page\" data-elementor-id=\"1277\" class=\"elementor elementor-1277\" data-elementor-post-type=\"page\">\n\t\t\t\t<div class=\"elementor-element elementor-element-21dfb54b e-flex e-con-boxed e-con e-parent\" data-id=\"21dfb54b\" data-element_type=\"container\" data-e-type=\"container\">\n\t\t\t\t\t<div class=\"e-con-inner\">\n\t\t\t\t\t<\/div>\n\t\t\t\t<\/div>\n\t\t\t\t<\/div>\n\t\t","protected":false},"excerpt":{"rendered":"<p>\u00dcr\u00fcn\u00fc \u00e7\u0131kar K\u00fc\u00e7\u00fck resim \u00dcr\u00fcn Fiyat Miktar Ara Toplam &times; Lise Yaz Okulu &#8378;127.800,00 Lise Yaz Okulu&nbsp; adet &#8378;127.800,00 Basket Total Ara Toplam &#8378;127.800,00 Toplam &#8378;127.800,00 Make Payment<\/p>\n","protected":false},"author":1,"featured_media":0,"parent":0,"menu_order":0,"comment_status":"closed","ping_status":"closed","template":"","meta":{"footnotes":""},"class_list":["post-1277","page","type-page","status-publish","hentry"],"_links":{"self":[{"href":"https:\/\/estore.hubek.com.tr\/en\/wp-json\/wp\/v2\/pages\/1277","targetHints":{"allow":["GET"]}}],"collection":[{"href":"https:\/\/estore.hubek.com.tr\/en\/wp-json\/wp\/v2\/pages"}],"about":[{"href":"https:\/\/estore.hubek.com.tr\/en\/wp-json\/wp\/v2\/types\/page"}],"author":[{"embeddable":true,"href":"https:\/\/estore.hubek.com.tr\/en\/wp-json\/wp\/v2\/users\/1"}],"replies":[{"embeddable":true,"href":"https:\/\/estore.hubek.com.tr\/en\/wp-json\/wp\/v2\/comments?post=1277"}],"version-history":[{"count":2,"href":"https:\/\/estore.hubek.com.tr\/en\/wp-json\/wp\/v2\/pages\/1277\/revisions"}],"predecessor-version":[{"id":1299,"href":"https:\/\/estore.hubek.com.tr\/en\/wp-json\/wp\/v2\/pages\/1277\/revisions\/1299"}],"wp:attachment":[{"href":"https:\/\/estore.hubek.com.tr\/en\/wp-json\/wp\/v2\/media?parent=1277"}],"curies":[{"name":"wp","href":"https:\/\/api.w.org\/{rel}","templated":true}]}}